{"id":3,"date":"2022-12-23T10:32:25","date_gmt":"2022-12-23T09:32:25","guid":{"rendered":"http:\/\/new.project-twofive.org\/?page_id=3"},"modified":"2023-08-25T10:45:09","modified_gmt":"2023-08-25T08:45:09","slug":"datenschutz","status":"publish","type":"page","link":"https:\/\/project-twofive.org\/en\/datenschutz\/","title":{"rendered":"Data Protection"},"content":{"rendered":"<div data-elementor-type=\"wp-page\" data-elementor-id=\"3\" class=\"elementor elementor-3\">\n\t\t\t\t\t\t<section class=\"elementor-section elementor-top-section elementor-element elementor-element-2b9bf7c4 elementor-section-boxed elementor-section-height-default elementor-section-height-default wpr-particle-no wpr-jarallax-no wpr-parallax-no wpr-sticky-section-no\" data-id=\"2b9bf7c4\" data-element_type=\"section\" data-e-type=\"section\">\n\t\t\t\t\t\t<div class=\"elementor-container elementor-column-gap-default\">\n\t\t\t\t\t<div class=\"elementor-column elementor-col-100 elementor-top-column elementor-element elementor-element-668ff02d\" data-id=\"668ff02d\" data-element_type=\"column\" data-e-type=\"column\">\n\t\t\t<div class=\"elementor-widget-wrap elementor-element-populated\">\n\t\t\t\t\t\t<div class=\"elementor-element elementor-element-1320058 elementor-widget elementor-widget-heading\" data-id=\"1320058\" data-element_type=\"widget\" data-e-type=\"widget\" data-widget_type=\"heading.default\">\n\t\t\t\t<div class=\"elementor-widget-container\">\n\t\t\t\t\t<h2 class=\"elementor-heading-title elementor-size-default\">Data Protection<\/h2>\t\t\t\t<\/div>\n\t\t\t\t<\/div>\n\t\t\t\t<div class=\"elementor-element elementor-element-401c6291 elementor-widget elementor-widget-text-editor\" data-id=\"401c6291\" data-element_type=\"widget\" data-e-type=\"widget\" data-widget_type=\"text-editor.default\">\n\t\t\t\t<div class=\"elementor-widget-container\">\n\t\t\t\t\t\t\t\t\t\n<p>The responsible party within the meaning of the data protection laws, in particular the EU General Data Protection Regulation (DSGVO), is:<\/p>\n\n<p>Franz Renker<\/p>\n\n<p><strong>Your data protection rights<\/strong><\/p>\n\n<p>You can exercise the following rights at any time using the contact details provided by our data protection officer:<\/p>\n\n<ul class=\"wp-block-list\">\n<li>Information about your data stored by us and its processing,<\/li>\n\n<li>Correction of inaccurate personal data,<\/li>\n\n<li>Deletion of your data stored by us, restriction of data processing,<\/li>\n\n<li>if we are not yet allowed to delete your data due to legal obligations,<\/li>\n\n<li>object to the processing of your data by us and<\/li>\n\n<li>Data portability, provided that you have consented to the data processing or have concluded a contract with us.<\/li>\n<\/ul>\n\n<p>If you have given us consent, you can revoke this at any time with effect for the future.You can contact the supervisory authority responsible for you at any time with a complaint. Your competent supervisory authority depends on the federal state of your residence, your work or the alleged violation. A list of supervisory authorities (for the non-public sector) with address can be found at:\u00a0<a href=\"https:\/\/www.bfdi.bund.de\/DE\/Infothek\/Anschriften_Links\/anschriften_links-node.html\" target=\"_blank\" rel=\"noreferrer noopener\">https:\/\/www.bfdi.bund.de\/DE\/Infothek\/Anschriften_Links\/anschriften_links-node.html<\/a>.<\/p>\n\n<p><strong>Purposes of data processing by the controller and third parties<\/strong><\/p>\n\n<p>We process your personal data only for the purposes stated in this privacy policy. We do not transfer your personal data to third parties for purposes other than those stated. We will only disclose your personal data to third parties if:<\/p>\n\n<ul class=\"wp-block-list\">\n<li>you have given your express consent to this,<\/li>\n\n<li>the processing is necessary for the performance of a contract with you,<\/li>\n\n<li>the processing is necessary for compliance with a legal obligation,<\/li>\n<\/ul>\n\n<p>the processing is necessary to protect legitimate interests and there is no reason to assume that you have an overriding legitimate interest in not disclosing your data.<\/p>\n\n<p><strong>Deletion or blocking of the data<\/strong><\/p>\n\n<p>We adhere to the principles of data avoidance and data economy. We therefore only store your personal data for as long as is necessary to achieve the purposes stated here or as stipulated by the various storage periods provided for by law. After the respective purpose has ceased to exist or these periods have expired, the corresponding data is routinely blocked or deleted in accordance with the statutory provisions.<\/p>\n\n<p><strong>Cookies<\/strong><\/p>\n\n<p>Like many other websites, we also use so-called \"cookies\". Cookies are small text files that are transferred from a website server to your hard drive. Through this, we automatically receive certain data such as IP address, browser used, operating system and your connection to the Internet.<\/p>\n\n<p>Cookies cannot be used to launch programs or transfer viruses to a computer. Based on the information contained in cookies, we can facilitate your navigation and enable the correct display of our web pages.<\/p>\n\n<p>Under no circumstances will the data we collect be passed on to third parties or linked to personal data without your consent.<\/p>\n\n<p>Of course, you can also view our website without cookies in principle. Internet browsers are regularly set to accept cookies. In general, you can deactivate the use of cookies at any time via your browser settings. Please use the help functions of your Internet browser to find out how to change these settings. Please note that individual functions of our website may not work if you have disabled the use of cookies.<\/p>\n\n<p><strong>Newsletter<\/strong><\/p>\n\n<p>On the basis of your expressly granted consent, we will send you our newsletter or comparable information regularly by e-mail to your specified e-mail address.<\/p>\n\n<p>To receive the newsletter, it is sufficient to provide your e-mail address. When registering to receive our newsletter, the data you provide will be used exclusively for this purpose. Subscribers may also be informed by e-mail about circumstances relevant to the service or registration (for example, changes to the newsletter offer or technical circumstances).<\/p>\n\n<p>For an effective registration we need a valid e-mail address. In order to verify that a registration is actually made by the owner of an e-mail address, we use the \"double-opt-in\" procedure. For this purpose, we log the order of the newsletter, the sending of a confirmation email and the receipt of the response requested herewith. No further data is collected. The data is used exclusively for sending the newsletter and is not passed on to third parties.<\/p>\n\n<p>You can revoke your consent to the storage of your personal data and its use for the newsletter dispatch at any time. You will find a corresponding link in each newsletter. In addition, you can unsubscribe at any time directly on this website or inform us of your wish to do so using the contact option provided at the end of this privacy policy.<\/p>\n\n<p><strong>Contact Form<\/strong><\/p>\n\n<p>If you contact us by e-mail or contact form regarding questions of any kind, you give us your voluntary consent for the purpose of contacting you. For this purpose, it is necessary to provide a valid e-mail address. This serves the assignment of the request and the subsequent response to the same. The provision of further data is optional. The information you provide will be stored for the purpose of processing the request and for possible follow-up questions. After completion of your request, personal data will be deleted automatically.<\/p>\n\n<p><strong>Change of Data Protection Policy<\/strong><\/p>\n\n<p>We reserve the right to adapt this data protection declaration so that it always complies with the current legal requirements or in order to implement changes to our services in the data protection declaration, e.g. when introducing new services. The new privacy policy will then apply to your next visit.<\/p>\n\n<p>This Data Protection declaration was made with<a href=\"https:\/\/www.activemind.de\/datenschutz\/datenschutzhinweis-generator\/\" target=\"_blank\" rel=\"noreferrer noopener\">\u00a0Datenschutzerkl\u00e4rungs-Generator der activeMind AG<\/a> .<\/p>\n\t\t\t\t\t\t\t\t<\/div>\n\t\t\t\t<\/div>\n\t\t\t\t\t<\/div>\n\t\t<\/div>\n\t\t\t\t\t<\/div>\n\t\t<\/section>\n\t\t\t\t<\/div>","protected":false},"excerpt":{"rendered":"<p>Datenschutzerkl\u00e4rung Verantwortliche Stelle im Sinne der Datenschutzgesetze, insbesondere der EU-Datenschutzgrundverordnung (DSGVO), ist: Franz Renker Ihre Betroffenenrechte Unter den angegebenen Kontaktdaten unseres Datenschutzbeauftragten k\u00f6nnen Sie jederzeit folgende Rechte aus\u00fcben: Sofern Sie uns eine Einwilligung erteilt haben, k\u00f6nnen Sie diese jederzeit mit Wirkung f\u00fcr die Zukunft widerrufen.Sie k\u00f6nnen sich jederzeit mit einer Beschwerde an die f\u00fcr Sie zust\u00e4ndige Aufsichtsbeh\u00f6rde wenden. Ihre zust\u00e4ndige Aufsichtsbeh\u00f6rde richtet sich nach dem Bundesland Ihres Wohnsitzes, Ihrer Arbeit oder der mutma\u00dflichen Verletzung. Eine Liste der Aufsichtsbeh\u00f6rden (f\u00fcr den nicht\u00f6ffentlichen Bereich) mit Anschrift finden Sie unter:&nbsp;https:\/\/www.bfdi.bund.de\/DE\/Infothek\/Anschriften_Links\/anschriften_links-node.html. Zwecke der Datenverarbeitung durch die verantwortliche Stelle und Dritte Wir verarbeiten Ihre personenbezogenen Daten nur zu den in dieser Datenschutzerkl\u00e4rung genannten Zwecken. Eine \u00dcbermittlung Ihrer pers\u00f6nlichen Daten an Dritte zu anderen als den genannten Zwecken findet nicht statt. Wir geben Ihre pers\u00f6nlichen Daten nur an Dritte weiter, wenn: die Verarbeitung zur Wahrung berechtigter Interessen erforderlich ist und kein Grund zur Annahme besteht, dass Sie ein \u00fcberwiegendes schutzw\u00fcrdiges Interesse an der Nichtweitergabe Ihrer Daten haben. L\u00f6schung bzw. Sperrung der Daten Wir halten uns an die Grunds\u00e4tze der Datenvermeidung und Datensparsamkeit. Wir speichern Ihre personenbezogenen Daten daher nur so lange, wie dies zur Erreichung der hier genannten Zwecke erforderlich ist oder wie es die vom Gesetzgeber vorgesehenen vielf\u00e4ltigen Speicherfristen vorsehen. Nach Fortfall des jeweiligen Zweckes bzw. Ablauf dieser Fristen werden die entsprechenden Daten routinem\u00e4\u00dfig und entsprechend den gesetzlichen Vorschriften gesperrt oder gel\u00f6scht. Cookies Wie viele andere Webseiten verwenden wir auch so genannte \u201eCookies\u201c. Cookies sind kleine Textdateien, die von einem Websiteserver auf Ihre Festplatte \u00fcbertragen werden. Hierdurch erhalten wir automatisch bestimmte Daten wie z. B. IP-Adresse, verwendeter Browser, Betriebssystem und Ihre Verbindung zum Internet. Cookies k\u00f6nnen nicht verwendet werden, um Programme zu starten oder Viren auf einen Computer zu \u00fcbertragen. Anhand der in Cookies enthaltenen Informationen k\u00f6nnen wir Ihnen die Navigation erleichtern und die korrekte Anzeige unserer Webseiten erm\u00f6glichen. In keinem Fall werden die von uns erfassten Daten an Dritte weitergegeben oder ohne Ihre Einwilligung eine Verkn\u00fcpfung mit personenbezogenen Daten hergestellt. Nat\u00fcrlich k\u00f6nnen Sie unsere Website grunds\u00e4tzlich auch ohne Cookies betrachten. Internet-Browser sind regelm\u00e4\u00dfig so eingestellt, dass sie Cookies akzeptieren. Im Allgemeinen k\u00f6nnen Sie die Verwendung von Cookies jederzeit \u00fcber die Einstellungen Ihres Browsers deaktivieren. Bitte verwenden Sie die Hilfefunktionen Ihres Internetbrowsers, um zu erfahren, wie Sie diese Einstellungen \u00e4ndern k\u00f6nnen. Bitte beachten Sie, dass einzelne Funktionen unserer Website m\u00f6glicherweise nicht funktionieren, wenn Sie die Verwendung von Cookies deaktiviert haben. Newsletter Auf Grundlage Ihrer ausdr\u00fccklich erteilten Einwilligung, \u00fcbersenden wir Ihnen regelm\u00e4\u00dfig unseren Newsletter bzw. vergleichbare Informationen per E-Mail an Ihre angegebene E-Mail-Adresse. F\u00fcr den Empfang des Newsletters ist die Angabe Ihrer E-Mail-Adresse ausreichend. Bei der Anmeldung zum Bezug unseres Newsletters werden die von Ihnen angegebenen Daten ausschlie\u00dflich f\u00fcr diesen Zweck verwendet. Abonnenten k\u00f6nnen auch \u00fcber Umst\u00e4nde per E-Mail informiert werden, die f\u00fcr den Dienst oder die Registrierung relevant sind (Beispielsweise \u00c4nderungen des Newsletterangebots oder technische Gegebenheiten). F\u00fcr eine wirksame Registrierung ben\u00f6tigen wir eine valide E-Mail-Adresse. Um zu \u00fcberpr\u00fcfen, dass eine Anmeldung tats\u00e4chlich durch den Inhaber einer E-Mail-Adresse erfolgt, setzen wir das \u201eDouble-opt-in\u201c-Verfahren ein. Hierzu protokollieren wir die Bestellung des Newsletters, den Versand einer Best\u00e4tigungsmail und den Eingang der hiermit angeforderten Antwort. Weitere Daten werden nicht erhoben. Die Daten werden ausschlie\u00dflich f\u00fcr den Newsletterversand verwendet und nicht an Dritte weitergegeben. Die Einwilligung zur Speicherung Ihrer pers\u00f6nlichen Daten und ihrer Nutzung f\u00fcr den Newsletterversand k\u00f6nnen Sie jederzeit widerrufen. In jedem Newsletter findet sich dazu ein entsprechender Link. Au\u00dferdem k\u00f6nnen Sie sich jederzeit auch direkt auf dieser Webseite abmelden oder uns Ihren entsprechenden Wunsch \u00fcber die am Ende dieser Datenschutzhinweise angegebene Kontaktm\u00f6glichkeit mitteilen. Kontaktformular Treten Sie bzgl. Fragen jeglicher Art per E-Mail oder Kontaktformular mit uns in Kontakt, erteilen Sie uns zum Zwecke der Kontaktaufnahme Ihre freiwillige Einwilligung. Hierf\u00fcr ist die Angabe einer validen E-Mail-Adresse erforderlich. Diese dient der Zuordnung der Anfrage und der anschlie\u00dfenden Beantwortung derselben. Die Angabe weiterer Daten ist optional. Die von Ihnen gemachten Angaben werden zum Zwecke der Bearbeitung der Anfrage sowie f\u00fcr m\u00f6gliche Anschlussfragen gespeichert. Nach Erledigung der von Ihnen gestellten Anfrage werden personenbezogene Daten automatisch gel\u00f6scht. \u00c4nderung unserer Datenschutzbestimmungen Wir behalten uns vor, diese Datenschutzerkl\u00e4rung anzupassen, damit sie stets den aktuellen rechtlichen Anforderungen entspricht oder um \u00c4nderungen unserer Leistungen in der Datenschutzerkl\u00e4rung umzusetzen, z.B. bei der Einf\u00fchrung neuer Services. F\u00fcr Ihren erneuten Besuch gilt dann die neue Datenschutzerkl\u00e4rung. Die Datenschutzerkl\u00e4rung wurde mit dem&nbsp;Datenschutzerkl\u00e4rungs-Generator der activeMind AG erstellt.<\/p>","protected":false},"author":1,"featured_media":0,"parent":0,"menu_order":0,"comment_status":"closed","ping_status":"open","template":"elementor_canvas","meta":{"footnotes":""},"class_list":["post-3","page","type-page","status-publish","hentry"],"_links":{"self":[{"href":"https:\/\/project-twofive.org\/en\/wp-json\/wp\/v2\/pages\/3","targetHints":{"allow":["GET"]}}],"collection":[{"href":"https:\/\/project-twofive.org\/en\/wp-json\/wp\/v2\/pages"}],"about":[{"href":"https:\/\/project-twofive.org\/en\/wp-json\/wp\/v2\/types\/page"}],"author":[{"embeddable":true,"href":"https:\/\/project-twofive.org\/en\/wp-json\/wp\/v2\/users\/1"}],"replies":[{"embeddable":true,"href":"https:\/\/project-twofive.org\/en\/wp-json\/wp\/v2\/comments?post=3"}],"version-history":[{"count":10,"href":"https:\/\/project-twofive.org\/en\/wp-json\/wp\/v2\/pages\/3\/revisions"}],"predecessor-version":[{"id":1686,"href":"https:\/\/project-twofive.org\/en\/wp-json\/wp\/v2\/pages\/3\/revisions\/1686"}],"wp:attachment":[{"href":"https:\/\/project-twofive.org\/en\/wp-json\/wp\/v2\/media?parent=3"}],"curies":[{"name":"wp","href":"https:\/\/api.w.org\/{rel}","templated":true}]}}